{"id":19,"date":"2011-07-07T15:55:06","date_gmt":"2011-07-07T15:55:06","guid":{"rendered":"http:\/\/www.internationalbookseller.com\/site\/?page_id=19"},"modified":"2011-07-07T15:55:06","modified_gmt":"2011-07-07T15:55:06","slug":"periodici","status":"publish","type":"page","link":"https:\/\/internationalbookseller.com\/?page_id=19","title":{"rendered":"Periodici"},"content":{"rendered":"<div>\n<h1><strong>Qualsiasi abbonamento a qualsiasi rivista!<\/strong><\/h1>\n<\/div>\n<p>Libreria Ledi offre il servizio abbonamenti a riviste e          pubblicazioni periodiche redatte su qualsiasi supporto: carta,<br \/>\nnastro magnetico, microfiches, microfilms, cd-rom e via Web.<br \/>\nSiamo specialisti in abbonamenti a riviste di piccole associazioni italiane          o estere e curiamo gli abbonamenti anche a riviste che non sono recensite          nelle principali bibliografie nazionali ed internazionali.<br \/>\nOgni ordine viene seguito giorno per giorno, dalla fase di invio a quella          di consegna e fatturazione del materiale.<br \/>\nGli eventuali reclami vengono affrontati in 48 ore.<br \/>\nForniamo diversi servizi aggiuntivi quali l&#8217;invio della fattura con il          primo fascicolo, il recupero di annate o fascicoli arretrati e tutto ci\u00f2          che ci \u00e8 possibile per venire incontro alle Vostre esigenze di          efficienza, rapidit\u00e0, qualit\u00e0 del servizio e riduzione dei          costi.<br \/>\nLe richieste di preventivi gratuiti sono benvenute.<\/p>\n<p>Il nostro servizio di gestione di abbonamenti a periodici prevede due          modalit\u00e0 principali:<\/p>\n<p>1) La gestione con consegna diretta dei fascicoli di volta in volta pubblicati.<br \/>\nComunichiamo all&#8217;editore il Vostro indirizzo di spedizione, in modo che          possa spedirVi direttamente i fascicoli.<br \/>\nPer favorire un controllo periodico sullo stato dell&#8217;abbonamento inviamo,          trimestralmente, a partire da Giugno, un prospetto riassuntivo delle testate          sottoscritte, in modo che possiate cos\u00ec segnalare tempestivamente          i solleciti da effettuare.<\/p>\n<p>2) La gestione accentrata con consegna a cura di Libreria Ledi &#8211; International          Bookseller tramite il corriere espresso SDA o Poste Italiane.<br \/>\nQuesta modalit\u00e0 prevede il controllo di ogni singolo fascicolo          da parte del nostro personale. La frequenza delle consegne viene concordata          secondo le Vostre esigenze.<br \/>\nSiamo costantemente aggiornati sui diversi piani di pubblicazione e questo          ci permette di effettuare un controllo rigoroso di tutte le testate in          ordinazione, in modo da ridurre al minimo la possibilit\u00e0 di un          reclamo da parte Vostra.<\/p>\n","protected":false},"excerpt":{"rendered":"<p>Qualsiasi abbonamento a qualsiasi rivista! Libreria Ledi offre il servizio abbonamenti a riviste e pubblicazioni periodiche redatte su qualsiasi supporto: carta, nastro magnetico, microfiches, microfilms, cd-rom e via Web. Siamo specialisti in abbonamenti a riviste di piccole associazioni italiane o estere e curiamo gli abbonamenti anche a riviste che non sono recensite nelle principali bibliografie [&hellip;]<\/p>\n","protected":false},"author":1,"featured_media":0,"parent":13,"menu_order":4,"comment_status":"open","ping_status":"open","template":"","meta":{"footnotes":""},"_links":{"self":[{"href":"https:\/\/internationalbookseller.com\/index.php?rest_route=\/wp\/v2\/pages\/19"}],"collection":[{"href":"https:\/\/internationalbookseller.com\/index.php?rest_route=\/wp\/v2\/pages"}],"about":[{"href":"https:\/\/internationalbookseller.com\/index.php?rest_route=\/wp\/v2\/types\/page"}],"author":[{"embeddable":true,"href":"https:\/\/internationalbookseller.com\/index.php?rest_route=\/wp\/v2\/users\/1"}],"replies":[{"embeddable":true,"href":"https:\/\/internationalbookseller.com\/index.php?rest_route=%2Fwp%2Fv2%2Fcomments&post=19"}],"version-history":[{"count":0,"href":"https:\/\/internationalbookseller.com\/index.php?rest_route=\/wp\/v2\/pages\/19\/revisions"}],"up":[{"embeddable":true,"href":"https:\/\/internationalbookseller.com\/index.php?rest_route=\/wp\/v2\/pages\/13"}],"wp:attachment":[{"href":"https:\/\/internationalbookseller.com\/index.php?rest_route=%2Fwp%2Fv2%2Fmedia&parent=19"}],"curies":[{"name":"wp","href":"https:\/\/api.w.org\/{rel}","templated":true}]}}