{"id":26,"date":"2011-07-07T16:01:24","date_gmt":"2011-07-07T16:01:24","guid":{"rendered":"http:\/\/www.internationalbookseller.com\/site\/?page_id=26"},"modified":"2011-07-07T16:01:24","modified_gmt":"2011-07-07T16:01:24","slug":"chi-siamo","status":"publish","type":"page","link":"https:\/\/internationalbookseller.com\/?page_id=26","title":{"rendered":"Chi Siamo"},"content":{"rendered":"<div>\n<h2><strong>LA NOSTRA STORIA<\/strong><\/h2>\n<\/div>\n<p>La Libreria Ledi nasce nel 1935, sotto il nome di Libreria L.E.D.I.          Libreria Editrice D&#8217;Italia, ad opera di Ingo Weihs, attore e colto intellettuale          di nazionalit\u00e0 austriaca in fuga dal regime nazista.<br \/>\nNegli anni della ricostruzione post-bellica la Libreria Ledi viene a costituirsi          come un punto di incontro di intellettuali, professori e studiosi di tutta          Italia, che si rivolgono a lei per trovare volumi e pubblicazioni altrimenti          irreperibili.<br \/>\nCon il miracolo economico la Ledi inizia ad annoverare fra i suoi clienti          alcuni dei dipartimenti universitari pi\u00f9 rinomati nel capo delle          discipline economiche, sociali, giuridiche ed umanistiche.<br \/>\nDagli anni &#8217;70 in poi, in un clima di costante avanzamento tecnologico,          la Ledi prima si meccanizza e poi si apre alle pi\u00f9 moderne tecnologie          informatiche, ultima delle quali Internet e il Web.<br \/>\nNella sua storia recente la Libreria Ledi International Bookseller annovera          fra i suoi clienti importanti biblioteche nazionali, regionali e universitarie          sia italiane che straniere, oltre a servire un selezionato gruppo di studiosi.<br \/>\nL&#8217;esperienza e le professionalit\u00e0 maturate in pi\u00f9 di sessant&#8217;anni          di storia unite alle nuove tecnologie informatiche consentono alla Ledi          di offrire un servizio personalizzato, di elevata qualit\u00e0 e di          gran valore per tutta la comunit\u00e0 scientifica, accademica, bibliotecaria          ed intellettuale in generale.<\/p>\n<p>Nel 2002 la Libreria Ledi International Bookseller si \u00e8 fatta promotrice,          insieme a una folta comunit\u00e0 di professori, studiosi e professionisti,          di un portale Internet dedicato alla conoscenza bibliografica all&#8217;interno          del quale la Ledi offre i propri servizi. Venite, quindi, a visitare <a href=\"http:\/\/www.librishop.it\/\" target=\"_blank\">LibriShop.it<\/a>,          il portale della conoscenza bibliografica.<\/p>\n<p>Nel 2007 la libreria allarga i propri orizzonti fondando la casa editrice <a title=\"ledizioni\" href=\"http:\/\/www.ledizioni.it\/\" target=\"_blank\">Ledizioni<\/a>, specializzata nell&#8217;editoria di saggistica per l&#8217;universit\u00e0, in cartaceo, print on demand e digitale, offrendo anche la possibilit\u00e0 di pubblicare ad accesso aperto. Non meno  importante offerta della casa editrice \u00e8 la distribuzione di libri in  lingua inglese nel mercato anglo-americano sotto il nome di <a title=\"ledipublishing\" href=\"..\/..\/www.ledipublishing.com\" target=\"_blank\">Ledipublishing<\/a>.<\/p>\n<p>Nel 2011 viene registrato il marchio <a title=\"Ledigital \" href=\"http:\/\/www.ledigital.it\" target=\"_blank\">Ledigital<\/a>,\u00a0 sotto il cui nome si raggruppano i servizi agli editori, specializzandosi in quelli relativi all&#8217;editoria digitale, senza scordare la distribuzione mirata, storicamente offerta dalla Libreria Ledi.<\/p>\n","protected":false},"excerpt":{"rendered":"<p>LA NOSTRA STORIA La Libreria Ledi nasce nel 1935, sotto il nome di Libreria L.E.D.I. Libreria Editrice D&#8217;Italia, ad opera di Ingo Weihs, attore e colto intellettuale di nazionalit\u00e0 austriaca in fuga dal regime nazista. Negli anni della ricostruzione post-bellica la Libreria Ledi viene a costituirsi come un punto di incontro di intellettuali, professori e [&hellip;]<\/p>\n","protected":false},"author":1,"featured_media":0,"parent":0,"menu_order":0,"comment_status":"open","ping_status":"open","template":"","meta":{"footnotes":""},"_links":{"self":[{"href":"https:\/\/internationalbookseller.com\/index.php?rest_route=\/wp\/v2\/pages\/26"}],"collection":[{"href":"https:\/\/internationalbookseller.com\/index.php?rest_route=\/wp\/v2\/pages"}],"about":[{"href":"https:\/\/internationalbookseller.com\/index.php?rest_route=\/wp\/v2\/types\/page"}],"author":[{"embeddable":true,"href":"https:\/\/internationalbookseller.com\/index.php?rest_route=\/wp\/v2\/users\/1"}],"replies":[{"embeddable":true,"href":"https:\/\/internationalbookseller.com\/index.php?rest_route=%2Fwp%2Fv2%2Fcomments&post=26"}],"version-history":[{"count":0,"href":"https:\/\/internationalbookseller.com\/index.php?rest_route=\/wp\/v2\/pages\/26\/revisions"}],"wp:attachment":[{"href":"https:\/\/internationalbookseller.com\/index.php?rest_route=%2Fwp%2Fv2%2Fmedia&parent=26"}],"curies":[{"name":"wp","href":"https:\/\/api.w.org\/{rel}","templated":true}]}}