{"id":688,"date":"2015-06-25T09:03:52","date_gmt":"2015-06-25T09:03:52","guid":{"rendered":"http:\/\/internationalbookseller.com\/?page_id=688"},"modified":"2015-06-25T09:03:52","modified_gmt":"2015-06-25T09:03:52","slug":"informativa-privacy-e-cookie","status":"publish","type":"page","link":"https:\/\/internationalbookseller.com\/?page_id=688","title":{"rendered":"Informativa Privacy e Cookie"},"content":{"rendered":"<h2>INFORMATIVA EX ART. 13 D.Lgs. n. 196\/2003<\/h2>\n<p>Libreria Ledi\u00a0 SRL, con sede in Milano Via Alamanni 11 20141 Milano, nella qualit\u00e0 di Titolare del trattamento dei Suoi dati personali, ai sensi e per gli effetti del D.Lgs. 30 Giugno 2003 n. 196 (\u201cCodice in materia di protezione dei dati personali\u201d), di seguito \u201cCodice della Privacy\u201d, con la presente La informa che la citata normativa prevede la tutela delle persone e di altri soggetti rispetto al trattamento dei dati personali e che tale trattamento sar\u00e0 improntato ai principi di correttezza, liceit\u00e0, trasparenza e di tutela della Sua riservatezza e dei Suoi diritti.<\/p>\n<p>I Suoi dati personali saranno trattati in accordo alle disposizioni legislative della normativa sopra richiamata e degli obblighi di riservatezza ivi previsti.<\/p>\n<p>Per offrirLe i servizi personalizzati previsti dal nostro sito internet, Libreria Ledi\u00a0 Srl\u00a0 in qualit\u00e0 di Titolare del trattamento deve trattare alcuni dati identificativi necessari per l\u2019erogazione del Servizio.<\/p>\n<p>A) Dati di navigazione (log files, server logs, clickstream). Inoltre, il Suo browser trasmette in automatico a questo sito alcuni di questi dati anonimi, per esempio l&#8217;indirizzo del sito che ha appena lasciato, l&#8217;indirizzo del Suo Protocollo Internet (indirizzo IP), la versione del browser utilizzato dal Suo computer)<\/p>\n<p>B ) Cookies (stringhe di testo di piccola dimensione inviate da un server ad un Web client (di solito un browser) e poi rimandati indietro dal client al server (senza subire modifiche) ogni volta che il client accede alla stessa porzione dello stesso dominio.<\/p>\n<p>C) Dati personali<\/p>\n<p>I dati personali che Lei fornir\u00e0 verranno registrati e conservati su supporti elettronici protetti e trattati con adeguate misure di sicurezza anche associandoli ed integrandoli con altri DataBase.<\/p>\n<p>I dati e i cookies da Lei ricevuti saranno trattati Libreria Ledi\u00a0 Srl\u00a0 esclusivamente con modalit\u00e0 e procedure necessarie per fornirLe i servizi da Lei richiesti.<\/p>\n<p>Nonch\u00e9\u00a0 per finalit\u00e0 connesse all&#8217;attuazione dei seguenti adempimenti, relativi ad obblighi legislativi o contrattuali:<\/p>\n<p>I. Adempimenti obbligatori per legge in campo fiscale e contabile;<\/p>\n<p>II. Assistenza post-vendita;<\/p>\n<p>III. Gestione del contenzioso;<\/p>\n<p>IV. Gestione della clientela.<\/p>\n<p>Il Titolare rende noto, inoltre, che l&#8217;eventuale non comunicazione, o comunicazione errata, di una delle informazioni obbligatorie, pu\u00f2 causare l&#8217;impossibilit\u00e0 del Titolare di garantire la congruit\u00e0 del trattamento stesso.<\/p>\n<p>I dati non saranno diffusi\u00a0 e conservati presso il fornitore di hosting ma potranno essere comunicati, ove necessario per erogazione del servizio, alle societ\u00e0 che svolgono per nostro conto compiti di natura tecnica od organizzativa strumentali alla fornitura dei servizi richiesti con garanzia e tutela dei diritti dell\u2019interessato.<\/p>\n<p>Solo con il Suo espresso consenso, inoltre, i dati potranno essere utilizzati per effettuare analisi statistiche, indagini di mercato e invio di\u00a0 informazioni commerciali sui prodotti e sulle iniziative promozionali di Libreria Ledi\u00a0 Srl\u00a0 e\/o di societ\u00e0 terze che tratteranno i dati come autonomi Titolari) rispondenti ai Suoi specifici interessi.<\/p>\n<p>In ogni momento Lei potr\u00e0 rileggere l\u2019informativa ed eventualmente modificare i consensi precedentemente forniti, verificare e\/o modificare lo stato dei servizi attivi.<\/p>\n<p>Il conferimento dei dati \u00e8 facoltativo, salvo per quelli indicati come obbligatori per poterle permettere di accedere ai servizi offerti. Lei ha diritto di conoscere, in ogni momento, quali sono i Suoi dati e come essi sono utilizzati. Ha anche il diritto di farli aggiornare, integrare, rettificare o cancellare, chiederne il blocco ed opporsi al loro trattamento. Ricordiamo che questi diritti sono previsti dal Art.7\u00a0 del D. Lgs 196\/2003.<\/p>\n<p>Conformemente alla normativa vigente Le chiederemo quindi di esprimere il consenso per i trattamenti di dati. Resta inteso che il consenso si riferisce al trattamento dei dati\u00a0 ad eccezione di quelli\u00a0 strettamente necessari per le operazioni ed i servizi da Lei richiesti, al momento della sua adesione in quanto per queste attivit\u00e0 il suo consenso non \u00e8 necessario.<\/p>\n<h2>Informativa sull&#8217;uso dei cookie<\/h2>\n<p>I siti web di Libreria Ledi\u00a0 utilizzano cookie e tecnologie simili per garantire il corretto funzionamento delle procedure e migliorare l&#8217;esperienza di uso delle applicazioni online. Il presente documento fornisce informazioni dettagliate sull&#8217;uso dei cookie e di tecnologie similari, su come sono utilizzati da Libreria Ledi\u00a0 e su come gestirli.<br \/>\nDefinizioni<\/p>\n<p>I cookie sono brevi frammenti di testo (lettere e\/o numeri) che permettono al server web di memorizzare sul client (il browser) informazioni da riutilizzare nel corso della medesima visita al sito (cookie di sessione) o in seguito, anche a distanza di giorni (cookie persistenti). I cookie vengono memorizzati, in base alle preferenze dell&#8217;utente, dal singolo browser sullo specifico dispositivo utilizzato (computer, tablet, smartphone).<\/p>\n<p>Tecnologie similari, come, ad esempio, web beacon, GIF trasparenti e tutte le forme di storage locale introdotte con HTML5, sono utilizzabili per raccogliere informazioni sul comportamento dell&#8217;utente e sull&#8217;utilizzo dei servizi.<\/p>\n<p>Nel seguito di questo documento faremo riferimento ai cookie e a tutte le tecnologie similari utilizzando semplicemente il termine \u201ccookie\u201d.<br \/>\nTipologie di cookie<\/p>\n<p>In base alle caratteristiche e all&#8217;utilizzo dei cookie possiamo distinguere diverse categorie:<\/p>\n<p>Cookie strettamente necessari. Si tratta di cookie indispensabili per il corretto funzionamento dei siti Libreria Ledi\u00a0 e sono utilizzati per gestire il login e l&#8217;accesso alle funzioni riservate del sito. La durata dei cookie \u00e8 strettamente limitata alla sessione di lavoro (chiuso il browser vengono cancellati), ad eccezione di quelli necessari al funzionamento del carrello e del sistema di ecommerce. La parte pubblica dei siti Libreria Ledi\u00a0 resta normalmente utilizzabile anche disattivgando questi cookie<br \/>\nCookie di analisi e prestazioni. Sono cookie utilizzati per raccogliere e analizzare il traffico e l&#8217;utilizzo del sito in modo anonimo. Questi cookie, pur senza identificare l&#8217;utente, consentono, per esempio, di rilevare se il medesimo utente torna a collegarsi in momenti diversi. Permettono inoltre di monitorare il sistema e migliorarne le prestazioni e l&#8217;usabilit\u00e0. La disattivazione di tali cookie pu\u00f2 essere eseguita senza alcuna perdita di funzionalit\u00e0.<br \/>\nCookie di profilazione. Si tratta di cookie permanenti utilizzati per identificare (in modo anonimo e non) le preferenze dell&#8217;utente e migliorare la sua esperienza di navigazione. I siti Libreria Ledi\u00a0 non utilizzano cookie di questo tipo.<\/p>\n<p>Cookie di terze parti<\/p>\n<p>Visitando un sito web si possono ricevere cookie sia dal sito visitato (\u201cproprietari\u201d), sia da siti gestiti da altre organizzazioni (\u201cterze parti\u201d). Un esempio notevole \u00e8 rappresentato dalla presenza dei \u201csocial plugin\u201d per Facebook, Twitter, Google+ e LinkedIn. Si tratta di parti della pagina visitata generate direttamente dai suddetti siti ed integrati nella pagina del sito ospitante. L&#8217;utilizzo pi\u00f9 comune dei social plugin \u00e8 finalizzato alla condivisione dei contenuti sui social network.<\/p>\n<p>La presenza di questi plugin comporta la trasmissione di cookie da e verso tutti i siti gestiti da terze parti. La gestione delle informazioni raccolte da \u201cterze parti\u201d \u00e8\u00a0 disciplinata dalle relative informative cui si prega di fare riferimento. Per garantire una maggiore trasparenza e comodit\u00e0, si riportano qui di seguito\u00a0 gli indirizzi web delle diverse informative e delle modalit\u00e0 per la gestione dei cookie.<\/p>\n<p>Facebook informativa: https:\/\/www.facebook.com\/help\/cookies\/<\/p>\n<p>Facebook (configurazione): accedere al proprio account. Sezione privacy.<\/p>\n<p>Twitter informative: https:\/\/support.twitter.com\/articles\/20170514<\/p>\n<p>Twitter (configurazione): https:\/\/twitter.com\/settings\/security<\/p>\n<p>Linkedin informativa: https:\/\/www.linkedin.com\/legal\/cookie-policy<\/p>\n<p>Linkedin (configurazione): https:\/\/www.linkedin.com\/settings\/<\/p>\n<p>Google+ informativa: http:\/\/www.google.it\/intl\/it\/policies\/technologies\/cookies\/<\/p>\n<p>Google+ (configurazione): http:\/\/www.google.it\/intl\/it\/policies\/technologies\/managing\/<br \/>\nGoogle Analytics<\/p>\n<p>I siti Libreria Ledi\u00a0 includono anche talune componenti trasmesse da Google Analytics, un servizio di analisi del traffico web fornito da Google, Inc. (\u201cGoogle\u201d). Anche in questo caso si tratta di cookie di terze parti raccolti e gestiti in modo anonimo per monitorare e migliorare le prestazioni del sito ospite (performance cookie).<\/p>\n<p>Google Analytics utilizza i &#8220;cookie&#8221;\u00a0 per raccogliere e analizzare in forma anonima le informazioni sui comportamenti di utilizzo dei siti web Libreria Ledi\u00a0 (compreso l&#8217;indirizzo IP dell&#8217;utente). Tali informazioni vengono raccolte da Google Analytics, che le elabora allo scopo di redigere report per gli operatori di Libreria Ledi\u00a0 riguardanti le attivit\u00e0 sui siti web stessi. Questo sito non utilizza (e non consente a terzi di utilizzare) lo strumento di analisi di Google per monitorare o per raccogliere informazioni personali di identificazione. Google non associa l&#8217;indirizzo IP a nessun altro dato posseduto da Google n\u00e9 cerca di collegare un indirizzo IP con l&#8217;identit\u00e0 di un utente. Google pu\u00f2 anche comunicare queste informazioni a terzi ove ci\u00f2 sia imposto dalla legge o laddove tali terzi trattino le suddette informazioni per conto di Google.<\/p>\n<p>Per ulteriori informazioni, si rinvia al link di seguito indicato:<\/p>\n<p>https:\/\/www.google.it\/policies\/privacy\/partners\/<\/p>\n<p>L&#8217;utente pu\u00f2 disabilitare in modo selettivo l&#8217;azione di Google Analytics installando sul proprio browser la componente di opt-out fornito da Google. Per disabilitare l&#8217;azione di Google Analytics, si rinvia al link di seguito indicato:<\/p>\n<p>https:\/\/tools.google.com\/dlpage\/gaoptout<br \/>\nDurata dei cookie<\/p>\n<p>Alcuni cookie (cookie di sessione) restano attivi solo fino alla chiusura del browser o all&#8217;esecuzione del comando di logout. Altri cookie \u201csopravvivono\u201d alla chiusura del browser e sono disponibili anche in successive visite dell&#8217;utente.<\/p>\n<p>Questi cookie sono detti persistenti e la loro durata \u00e8 fissata dal server al momento della loro creazione. In alcuni casi \u00e8 fissata una scadenza, in altri casi la durata \u00e8 illimitata.<\/p>\n<p>Navigando sulle pagine dei siti web Libreria Ledi , si pu\u00f2 interagire con siti gestiti da terze parti che possono creare o modificare cookie permanenti e di profilazione.<br \/>\nGestione dei cookie<\/p>\n<p>L&#8217;utente pu\u00f2 decidere se accettare o meno i cookie utilizzando le impostazioni del proprio browser.<\/p>\n<p>Attenzione: la disabilitazione totale o parziale dei cookie tecnici pu\u00f2 compromettere l&#8217;utilizzo delle funzionalit\u00e0 del sito riservate agli utenti registrati. Al contrario, la fruibilit\u00e0 dei contenuti pubblici \u00e8 possibile anche disabilitando completamente i cookie.<\/p>\n<p>La disabilitazione dei cookie \u201cterze parti\u201d non pregiudica in alcun modo la navigabilit\u00e0.<\/p>\n<p>L&#8217;impostazione pu\u00f2 essere definita in modo specifico per i diversi siti e applicazioni web. Inoltre i migliori browser consentono di definire impostazioni diverse per i cookie \u201cproprietari\u201d e per quelli di \u201cterze parti\u201d.<\/p>\n<p>A titolo di esempio, in Firefox, attraverso il menu Strumenti-&gt;Opzioni -&gt;Privacy, \u00e8 possibile accedere ad un pannello di controllo dove \u00e8 possibile definire se accettare o meno i diversi tipi di cookie e procedere alla loro rimozione.<\/p>\n","protected":false},"excerpt":{"rendered":"<p>INFORMATIVA EX ART. 13 D.Lgs. n. 196\/2003 Libreria Ledi\u00a0 SRL, con sede in Milano Via Alamanni 11 20141 Milano, nella qualit\u00e0 di Titolare del trattamento dei Suoi dati personali, ai sensi e per gli effetti del D.Lgs. 30 Giugno 2003 n. 196 (\u201cCodice in materia di protezione dei dati personali\u201d), di seguito \u201cCodice della Privacy\u201d, [&hellip;]<\/p>\n","protected":false},"author":1,"featured_media":0,"parent":26,"menu_order":5,"comment_status":"open","ping_status":"open","template":"","meta":{"footnotes":""},"_links":{"self":[{"href":"https:\/\/internationalbookseller.com\/index.php?rest_route=\/wp\/v2\/pages\/688"}],"collection":[{"href":"https:\/\/internationalbookseller.com\/index.php?rest_route=\/wp\/v2\/pages"}],"about":[{"href":"https:\/\/internationalbookseller.com\/index.php?rest_route=\/wp\/v2\/types\/page"}],"author":[{"embeddable":true,"href":"https:\/\/internationalbookseller.com\/index.php?rest_route=\/wp\/v2\/users\/1"}],"replies":[{"embeddable":true,"href":"https:\/\/internationalbookseller.com\/index.php?rest_route=%2Fwp%2Fv2%2Fcomments&post=688"}],"version-history":[{"count":1,"href":"https:\/\/internationalbookseller.com\/index.php?rest_route=\/wp\/v2\/pages\/688\/revisions"}],"predecessor-version":[{"id":689,"href":"https:\/\/internationalbookseller.com\/index.php?rest_route=\/wp\/v2\/pages\/688\/revisions\/689"}],"up":[{"embeddable":true,"href":"https:\/\/internationalbookseller.com\/index.php?rest_route=\/wp\/v2\/pages\/26"}],"wp:attachment":[{"href":"https:\/\/internationalbookseller.com\/index.php?rest_route=%2Fwp%2Fv2%2Fmedia&parent=688"}],"curies":[{"name":"wp","href":"https:\/\/api.w.org\/{rel}","templated":true}]}}